{"id":11939,"date":"2026-04-14T06:50:27","date_gmt":"2026-04-14T06:50:27","guid":{"rendered":"https:\/\/horpi.eu\/?page_id=11939"},"modified":"2026-04-23T13:02:08","modified_gmt":"2026-04-23T13:02:08","slug":"ressourcen","status":"publish","type":"page","link":"https:\/\/horpi.eu\/de\/ressourcen\/","title":{"rendered":"Ressourcen"},"content":{"rendered":"<p>[et_pb_section fb_built=&#8220;1&#8243; _builder_version=&#8220;4.27.4&#8243; _dynamic_attributes=&#8220;background_image&#8220; _module_preset=&#8220;default&#8220; background_color=&#8220;RGBA(255,255,255,0)&#8220; use_background_color_gradient=&#8220;on&#8220; background_color_gradient_stops=&#8220;#02403d 0%|rgba(255,255,255,0) 46%|rgba(255,255,255,0) 100%&#8220; background_color_gradient_overlays_image=&#8220;on&#8220; background_image=&#8220;@ET-DC@eyJkeW5hbWljIjp0cnVlLCJjb250ZW50IjoicG9zdF9mZWF0dXJlZF9pbWFnZSIsInNldHRpbmdzIjp7fX0=@&#8220; min_height=&#8220;75vh&#8220; min_height_tablet=&#8220;90vh&#8220; min_height_phone=&#8220;90vh&#8220; min_height_last_edited=&#8220;on|phone&#8220; custom_padding=&#8220;||||false|false&#8220; background_last_edited=&#8220;on|phone&#8220; background_size_phone=&#8220;cover&#8220; background_position_tablet=&#8220;bottom_right&#8220; background_position_phone=&#8220;center&#8220; custom_css_before=&#8220;||&#8220; global_colors_info=&#8220;{}&#8220;][et_pb_row _builder_version=&#8220;4.27.4&#8243; _module_preset=&#8220;default&#8220; width=&#8220;90%&#8220; custom_padding=&#8220;29px||16px|||&#8220; global_colors_info=&#8220;{}&#8220;][et_pb_column type=&#8220;4_4&#8243; _builder_version=&#8220;4.27.4&#8243; _module_preset=&#8220;default&#8220; global_colors_info=&#8220;{}&#8220;][dsm_breadcrumbs home_text=&#8220;Startseite&#8220; show_home_icon=&#8220;off&#8220; separator_icon=&#8220;&#x35;||divi||400&#8243; separator_padding=&#8220;0px|0px|0px||false|false&#8220; module_class=&#8220;breadcrmb&#8220; _builder_version=&#8220;4.27.4&#8243; _module_preset=&#8220;default&#8220; items_font=&#8220;dazzed-semibold|600|||||||&#8220; items_text_color=&#8220;#FFFFFF&#8220; items_font_size=&#8220;13px&#8220; separators_text_color=&#8220;#ffffff&#8220; separators_font_size=&#8220;13px&#8220; current_font=&#8220;dazzed-semibold|600|||||||&#8220; current_text_color=&#8220;#d1f810&#8243; current_font_size=&#8220;13px&#8220; global_colors_info=&#8220;{}&#8220;][\/dsm_breadcrumbs][\/et_pb_column][\/et_pb_row][et_pb_row _builder_version=&#8220;4.27.4&#8243; _module_preset=&#8220;default&#8220; global_colors_info=&#8220;{}&#8220;][et_pb_column type=&#8220;4_4&#8243; _builder_version=&#8220;4.27.4&#8243; _module_preset=&#8220;default&#8220; global_colors_info=&#8220;{}&#8220;][et_pb_text _builder_version=&#8220;4.27.4&#8243; _dynamic_attributes=&#8220;content&#8220; _module_preset=&#8220;default&#8220; text_font=&#8220;||||||||&#8220; header_font=&#8220;tobias-regular|300|||||||&#8220; header_text_color=&#8220;#f5f5f5&#8243; header_font_size=&#8220;75px&#8220; header_font_size_tablet=&#8220;60px&#8220; header_font_size_phone=&#8220;50px&#8220; header_font_size_last_edited=&#8220;on|phone&#8220; global_colors_info=&#8220;{}&#8220;]@ET-DC@eyJkeW5hbWljIjp0cnVlLCJjb250ZW50IjoicG9zdF90aXRsZSIsInNldHRpbmdzIjp7ImJlZm9yZSI6IjxoMSBzdHlsZT1cInRleHQtYWxpZ246IGNlbnRlclwiPiIsImFmdGVyIjoiPC9oMT4ifX0=@[\/et_pb_text][\/et_pb_column][\/et_pb_row][et_pb_row column_structure=&#8220;1_2,1_2&#8243; make_equal=&#8220;on&#8220; _builder_version=&#8220;4.27.4&#8243; _module_preset=&#8220;default&#8220; width=&#8220;90%&#8220; custom_margin=&#8220;40px|auto|40px|auto|false|false&#8220; custom_margin_tablet=&#8220;0px||||false|false&#8220; custom_margin_phone=&#8220;||||false|false&#8220; custom_margin_last_edited=&#8220;on|tablet&#8220; custom_padding=&#8220;||40px||false|false&#8220; global_colors_info=&#8220;{}&#8220;][et_pb_column type=&#8220;1_2&#8243; _builder_version=&#8220;4.27.4&#8243; _module_preset=&#8220;default&#8220; background_color=&#8220;#d1f810&#8243; use_background_color_gradient=&#8220;on&#8220; background_color_gradient_direction=&#8220;186deg&#8220; background_color_gradient_stops=&#8220;#d1f810 0%|rgba(255,255,255,0) 93%&#8220; custom_padding=&#8220;50px|4%|50px|4%|true|true&#8220; custom_padding_tablet=&#8220;50px|6%|50px|6%|true|true&#8220; custom_padding_phone=&#8220;24px|5%|24px|5%|true|true&#8220; custom_padding_last_edited=&#8220;on|phone&#8220; custom_css_free_form=&#8220;selector h1 {padding-bottom:50px;}&#8220; border_radii=&#8220;on|40px|40px|40px|40px&#8220; global_colors_info=&#8220;{}&#8220;][et_pb_text _builder_version=&#8220;4.27.4&#8243; _module_preset=&#8220;default&#8220; text_text_color=&#8220;#02403d&#8220; header_font=&#8220;tobias-regular||||||||&#8220; header_text_color=&#8220;#02403d&#8220; header_font_size=&#8220;55px&#8220; header_line_height=&#8220;1.2em&#8220; header_2_font=&#8220;tobias-regular||||||||&#8220; header_2_text_color=&#8220;#02403d&#8220; header_2_font_size=&#8220;40px&#8220; header_2_line_height=&#8220;1.4em&#8220; background_layout=&#8220;dark&#8220; custom_margin_tablet=&#8220;&#8220; custom_margin_phone=&#8220;||50px||false|false&#8220; custom_margin_last_edited=&#8220;on|phone&#8220; custom_padding=&#8220;||||true|true&#8220; header_2_font_size_tablet=&#8220;36px&#8220; header_2_font_size_phone=&#8220;34px&#8220; header_2_font_size_last_edited=&#8220;on|phone&#8220; text_text_shadow_style=&#8220;preset1&#8243; text_text_shadow_vertical_length=&#8220;0em&#8220; text_text_shadow_color=&#8220;RGBA(255,255,255,0)&#8220; header_text_shadow_style=&#8220;preset1&#8243; header_text_shadow_color=&#8220;RGBA(255,255,255,0)&#8220; global_colors_info=&#8220;{}&#8220;]<\/p>\n<h2>Bew\u00e4hrte Techniken &amp; saisonale Tipps<\/h2>\n<p>Schritt-f\u00fcr-Schritt-Anleitungen und Feldtipps, um die biologische Sch\u00e4dlingsbek\u00e4mpfung zum richtigen Zeitpunkt anzuwenden und die Wirksamkeit Ihrer Marienk\u00e4fer zu maximieren.[\/et_pb_text][\/et_pb_column][et_pb_column type=&#8220;1_2&#8243; _builder_version=&#8220;4.27.4&#8243; _module_preset=&#8220;default&#8220; custom_css_main_element=&#8220;display:flex;||flex-direction:column-reverse;&#8220; global_colors_info=&#8220;{}&#8220;][\/et_pb_column][\/et_pb_row][\/et_pb_section][et_pb_section fb_built=&#8220;1&#8243; custom_padding_last_edited=&#8220;on|tablet&#8220; disabled_on=&#8220;off|off|off&#8220; _builder_version=&#8220;4.27.4&#8243; _module_preset=&#8220;default&#8220; background_color=&#8220;#02403d&#8220; custom_padding=&#8220;||0px|||&#8220; custom_padding_tablet=&#8220;0px||||false|false&#8220; custom_padding_phone=&#8220;0px||||false|false&#8220; global_colors_info=&#8220;{}&#8220;][et_pb_row column_structure=&#8220;2_3,1_3&#8243; make_equal=&#8220;on&#8220; _builder_version=&#8220;4.27.4&#8243; _module_preset=&#8220;default&#8220; background_image=&#8220;https:\/\/horpi.eu\/wp-content\/uploads\/2026\/04\/1-EN-2.jpg&#8220; width_tablet=&#8220;100%&#8220; width_phone=&#8220;100%&#8220; width_last_edited=&#8220;on|tablet&#8220; custom_padding=&#8220;0px||0px||false|false&#8220; background_last_edited=&#8220;on|phone&#8220; background_image_tablet=&#8220;https:\/\/horpi.eu\/wp-content\/uploads\/2026\/04\/1-FR.jpg&#8220; background_image_phone=&#8220;https:\/\/horpi.eu\/wp-content\/uploads\/2026\/04\/1-FR.jpg&#8220; background_enable_image_tablet=&#8220;on&#8220; background_enable_image_phone=&#8220;on&#8220; background_position_tablet=&#8220;center&#8220; background_position_phone=&#8220;bottom_center&#8220; border_radii=&#8220;on|20px|20px|20px|20px&#8220; border_radii_tablet=&#8220;on|0px|0px|0px|0px&#8220; border_radii_phone=&#8220;on|0px|0px|0px|0px&#8220; border_radii_last_edited=&#8220;on|phone&#8220; global_colors_info=&#8220;{}&#8220;][et_pb_column type=&#8220;2_3&#8243; _builder_version=&#8220;4.27.4&#8243; _module_preset=&#8220;default&#8220; custom_padding=&#8220;360px||||false|false&#8220; custom_padding_tablet=&#8220;400px||||false|false&#8220; custom_padding_phone=&#8220;400px||||false|false&#8220; custom_padding_last_edited=&#8220;on|phone&#8220; custom_css_main_element=&#8220;min-height:300px;&#8220; global_colors_info=&#8220;{}&#8220; custom_css_main_element_last_edited=&#8220;on|phone&#8220; custom_css_main_element_tablet=&#8220;min-height:400px;&#8220; custom_css_main_element_phone=&#8220;min-height:450px;&#8220;][\/et_pb_column][et_pb_column type=&#8220;1_3&#8243; _builder_version=&#8220;4.27.4&#8243; _module_preset=&#8220;default&#8220; custom_padding=&#8220;40px|20px|40px|20px|false|true&#8220; custom_padding_tablet=&#8220;30px||30px||false|true&#8220; custom_padding_phone=&#8220;20px|18px|30px|18px|false|true&#8220; custom_padding_last_edited=&#8220;on|phone&#8220; background_last_edited=&#8220;on|phone&#8220; use_background_color_gradient_tablet=&#8220;off&#8220; background_color_gradient_direction_phone=&#8220;180deg&#8220; custom_css_before=&#8220;content: %22%22;||  position: absolute;||  inset: 0;||  z-index: -1;||  backdrop-filter: blur(20px);||  -webkit-backdrop-filter: blur(20px);||||  \/* D\u00e9part d\u00e9j\u00e0 flou et progression rapide *\/||  mask-image: linear-gradient(||    to right, ||    rgba(0, 0, 0, 0.1) 0%,   \/* D\u00e9part : d\u00e9j\u00e0 un peu de flou *\/||    rgba(0, 0, 0, 0.8) 20%,  \/* 20% de la largeur : presque d\u00e9j\u00e0 au max *\/||    rgba(0, 0, 0, 1) 100%    \/* Fin : flou total *\/||  );||  -webkit-mask-image: linear-gradient(to right, rgba(0, 0, 0, 0.1) 0%, rgba(0, 0, 0, 0.8) 20%, rgba(0, 0, 0, 1) 100%);||&#8220; custom_css_main_element=&#8220;display:flex;||flex-wrap:wrap; gap:20px;||justify-content:space-around;||align-items:center!important;||position:relative;||||\/* Applique le flou sur toute la colonne *\/||||&#8220; border_radii=&#8220;off||20px|20px|&#8220; border_radii_tablet=&#8220;off||0px|0px|&#8220; border_radii_phone=&#8220;off||0px||&#8220; border_radii_last_edited=&#8220;on|phone&#8220; global_colors_info=&#8220;{}&#8220; custom_css_before_last_edited=&#8220;on|tablet&#8220; custom_css_before_tablet=&#8220;content: %22%22;||  position: absolute;||  top: 0;||  left: 0;||  right: 0;||  bottom: 0;||  z-index: -1;||||  \/* Intensit\u00e9 du flou (Augment\u00e9 \u00e0 25px pour un effet marqu\u00e9) *\/||  backdrop-filter: blur(20px);||  -webkit-backdrop-filter: blur(20px);||||  \/* Le Masque de progression *\/||  \/* On part de 0.1 (tr\u00e8s l\u00e9ger flou) et on atteint 90% du flou d\u00e8s le premier tiers *\/||  mask-image: linear-gradient(||    to bottom, ||    rgba(0, 0, 0, 0.1) 0%,    \/* D\u00e9part : 10% du flou total *\/||    rgba(0, 0, 0, 0.9) 30%,   \/* 30% du chemin : Presque au max *\/||    rgba(0, 0, 0, 1) 100%     \/* Fin : Flou total *\/||  );||  ||  -webkit-mask-image: linear-gradient(||    to bottom, ||    rgba(0, 0, 0, 0.1) 0%, ||    rgba(0, 0, 0, 0.9) 30%, ||    rgba(0, 0, 0, 1) 100%||  );||}&#8220; custom_css_before_phone=&#8220;content: %22%22;||  position: absolute;||  top: 0;||  left: 0;||  right: 0;||  bottom: 0;||  z-index: -1;||||  \/* Intensit\u00e9 du flou (Augment\u00e9 \u00e0 25px pour un effet marqu\u00e9) *\/||  backdrop-filter: blur(20px);||  -webkit-backdrop-filter: blur(20px);||||  \/* Le Masque de progression *\/||  \/* On part de 0.1 (tr\u00e8s l\u00e9ger flou) et on atteint 90% du flou d\u00e8s le premier tiers *\/||  mask-image: linear-gradient(||    to bottom, ||    rgba(0, 0, 0, 0.1) 0%,    \/* D\u00e9part : 10% du flou total *\/||    rgba(0, 0, 0, 0.9) 30%,   \/* 30% du chemin : Presque au max *\/||    rgba(0, 0, 0, 1) 100%     \/* Fin : Flou total *\/||  );||  ||  -webkit-mask-image: linear-gradient(||    to bottom, ||    rgba(0, 0, 0, 0.1) 0%, ||    rgba(0, 0, 0, 0.9) 30%, ||    rgba(0, 0, 0, 1) 100%||  );||}&#8220;][et_pb_text _builder_version=&#8220;4.27.4&#8243; _module_preset=&#8220;default&#8220; text_font=&#8220;|800|||||||&#8220; text_text_color=&#8220;#FFFFFF&#8220; text_font_size=&#8220;22px&#8220; text_line_height=&#8220;1.5em&#8220; header_2_text_color=&#8220;#FFFFFF&#8220; header_2_font_size=&#8220;18px&#8220; header_2_line_height=&#8220;1.5em&#8220; header_3_text_color=&#8220;#FFFFFF&#8220; max_width=&#8220;40%&#8220; custom_margin=&#8220;||0px||false|false&#8220; custom_padding=&#8220;||||false|false&#8220; hover_enabled=&#8220;0&#8243; text_font_size_tablet=&#8220;22px&#8220; text_font_size_phone=&#8220;20px&#8220; text_font_size_last_edited=&#8220;on|phone&#8220; header_2_text_align_tablet=&#8220;center&#8220; header_2_text_align_phone=&#8220;center&#8220; header_2_text_align_last_edited=&#8220;on|phone&#8220; header_2_font_size_tablet=&#8220;28px&#8220; header_2_font_size_phone=&#8220;24px&#8220; header_2_font_size_last_edited=&#8220;on|tablet&#8220; custom_css_main_element=&#8220;align-self:center&#8220; header_2_text_shadow_style=&#8220;preset3&#8243; global_colors_info=&#8220;{}&#8220; custom_css_free_form=&#8220;selector h2 {font-size:18px!important;}&#8220; sticky_enabled=&#8220;0&#8243;]<\/p>\n<h2>17 Pflanzen in Ihrem Garten, die Sie sch\u00fctzen sollten<\/h2>\n<p>[\/et_pb_text][et_pb_text _builder_version=&#8220;4.27.4&#8243; _module_preset=&#8220;default&#8220; text_font=&#8220;||||||||&#8220; text_text_color=&#8220;#FFFFFF&#8220; text_font_size=&#8220;20px&#8220; text_line_height=&#8220;1.5em&#8220; header_2_text_color=&#8220;#FFFFFF&#8220; header_3_text_color=&#8220;#FFFFFF&#8220; max_width=&#8220;45%&#8220; max_width_tablet=&#8220;&#8220; max_width_phone=&#8220;&#8220; max_width_last_edited=&#8220;on|tablet&#8220; custom_margin=&#8220;||16px|||&#8220; text_font_size_tablet=&#8220;20px&#8220; text_font_size_phone=&#8220;18px&#8220; text_font_size_last_edited=&#8220;on|phone&#8220; text_text_shadow_style=&#8220;preset3&#8243; global_colors_info=&#8220;{}&#8220;]<\/p>\n<p>Rose<br \/>Dalhia<br \/>Apfelbaum<br \/>Kirschbaum<br \/>Linde<br \/>Birke<br \/>Hibiskus<br \/>&#8230;<\/p>\n<p>[\/et_pb_text][et_pb_button button_url=&#8220;https:\/\/horpi.eu\/de\/ressourcen\/blattlaus-leitfaden-herunterladen\/&#8220; button_text=&#8220;Den Leitfaden kostenlos erhalten&#8220; button_alignment=&#8220;center&#8220; module_class=&#8220;bouton17&#8243; _builder_version=&#8220;4.27.4&#8243; _module_preset=&#8220;default&#8220; custom_css_main_element=&#8220;border:1px solid #d1f810!important;||&#8220; global_colors_info=&#8220;{}&#8220;][\/et_pb_button][\/et_pb_column][\/et_pb_row][\/et_pb_section][et_pb_section fb_built=&#8220;1&#8243; _builder_version=&#8220;4.27.4&#8243; _module_preset=&#8220;default&#8220; background_color=&#8220;#02403d&#8220; custom_margin=&#8220;0px||0px||false|false&#8220; saved_tabs=&#8220;all&#8220; global_colors_info=&#8220;{}&#8220;][et_pb_row use_custom_gutter=&#8220;on&#8220; gutter_width=&#8220;2&#8243; custom_padding_last_edited=&#8220;on|phone&#8220; module_class=&#8220;theychoose&#8220; _builder_version=&#8220;4.27.4&#8243; _module_preset=&#8220;default&#8220; background_enable_image=&#8220;off&#8220; background_size=&#8220;custom&#8220; background_image_width=&#8220;231px&#8220; background_position=&#8220;top_left&#8220; background_horizontal_offset=&#8220;-18%&#8220; width=&#8220;90%&#8220; max_width=&#8220;1150px&#8220; overflow-x=&#8220;visible&#8220; overflow-y=&#8220;visible&#8220; custom_margin=&#8220;40px|auto||auto|false|false&#8220; custom_margin_tablet=&#8220;40px|auto||auto|false|false&#8220; custom_margin_phone=&#8220;20px||||false|false&#8220; custom_margin_last_edited=&#8220;on|phone&#8220; custom_padding=&#8220;10px||||false|false&#8220; custom_padding_tablet=&#8220;10px||||false|false&#8220; custom_padding_phone=&#8220;5px||21px||false|false&#8220; global_colors_info=&#8220;{}&#8220;][et_pb_column type=&#8220;4_4&#8243; _builder_version=&#8220;4.27.4&#8243; _module_preset=&#8220;default&#8220; global_colors_info=&#8220;{}&#8220;][et_pb_text _builder_version=&#8220;4.27.4&#8243; _module_preset=&#8220;default&#8220; text_font=&#8220;dazzed-semibold|600||on|||||&#8220; text_text_color=&#8220;#FFFFFF&#8220; text_letter_spacing=&#8220;-0.28px&#8220; text_line_height=&#8220;2em&#8220; header_2_text_align=&#8220;left&#8220; header_2_text_color=&#8220;#f5f5f5&#8243; header_2_font_size=&#8220;38px&#8220; header_2_line_height=&#8220;1.3em&#8220; custom_margin=&#8220;|auto|4px||false|false&#8220; header_2_font_size_tablet=&#8220;38px&#8220; header_2_font_size_phone=&#8220;32px&#8220; header_2_font_size_last_edited=&#8220;on|phone&#8220; global_colors_info=&#8220;{}&#8220;]<\/p>\n<h2><img decoding=\"async\" src=\"https:\/\/horpi.eu\/wp-content\/uploads\/2025\/05\/bbpiggh8qcmb6a80ui.svg\" width=\"undefined\" height=\"undefined\" alt=\"\" class=\"wp-image-143 alignnone size-full\"> Die Wissensdatenbank durchsuchen<\/h2>\n<p>[\/et_pb_text][\/et_pb_column][\/et_pb_row][et_pb_row disabled_on=&#8220;off|off|off&#8220; _builder_version=&#8220;4.27.4&#8243; _module_preset=&#8220;default&#8220; width=&#8220;90%&#8220; max_width=&#8220;1150px&#8220; custom_padding=&#8220;||13px|||&#8220; global_colors_info=&#8220;{}&#8220;][et_pb_column type=&#8220;4_4&#8243; _builder_version=&#8220;4.27.4&#8243; _module_preset=&#8220;default&#8220; global_colors_info=&#8220;{}&#8220;][et_pb_text disabled_on=&#8220;off|off|off&#8220; _builder_version=&#8220;4.27.4&#8243; _module_preset=&#8220;default&#8220; text_font=&#8220;|600||on|||||&#8220; text_text_color=&#8220;#f5f5f5&#8243; background_color=&#8220;RGBA(255,255,255,0)&#8220; custom_margin=&#8220;||||false|false&#8220; global_colors_info=&#8220;{}&#8220;]<\/p>\n<p>Nach Format und Kategorie filtern<\/p>\n<p>[\/et_pb_text][et_pb_de_mach_filter_posts filter_update_type=&#8220;update_field&#8220; update_count_by_self=&#8220;off&#8220; sync_filter_item=&#8220;off&#8220; filter_location=&#8220;fullwidth&#8220; fullwidth_columns=&#8220;1&#8243; fullwidth_columns_tablet=&#8220;1&#8243; column_min_width=&#8220;100%&#8220; hide_reset=&#8220;on&#8220; align_reset=&#8220;left&#8220; filter_item_bg_color=&#8220;RGBA(255,255,255,0)&#8220; module_class=&#8220;horfilter&#8220; _builder_version=&#8220;4.27.4&#8243; _module_preset=&#8220;default&#8220; form_field_background_color=&#8220;#FFFFFF&#8220; form_field_focus_background_color=&#8220;#FFFFFF&#8220; form_field_focus_text_color=&#8220;#FFFFFF&#8220; background_color=&#8220;RGBA(255,255,255,0)&#8220; custom_button=&#8220;on&#8220; custom_filter_params=&#8220;on&#8220; filter_params_use_icon=&#8220;off&#8220; global_colors_info=&#8220;{}&#8220; form_field_background_color__hover_enabled=&#8220;on|hover&#8220; form_field_background_color__hover=&#8220;#f5f5f5&#8243; form_field_focus_background_color__hover_enabled=&#8220;on|hover&#8220; button_bg_color__hover_enabled=&#8220;on|hover&#8220; button_bg_color__hover=&#8220;#FFFFFF&#8220; button_bg_enable_color__hover=&#8220;on&#8220; filter_params_bg_color__hover_enabled=&#8220;on|hover&#8220; filter_params_bg_color__hover=&#8220;#FFFFFF&#8220; filter_params_bg_enable_color__hover=&#8220;on&#8220; form_field_focus_background_color__hover=&#8220;#FFFFFF&#8220;][et_pb_de_mach_search_posts_item title=&#8220;Filtrer par&#8220; acf_filter_type=&#8220;radio&#8220; filter_params=&#8220;yes_no_title&#8220; show_label=&#8220;off&#8220; hide_module_for_empty=&#8220;off&#8220; field_id=&#8220;categofield&#8220; field_title=&#8220;categofield&#8220; radio_deselect=&#8220;on&#8220; radio_style=&#8220;buttons&#8220; radio_inline=&#8220;on&#8220; radio_gap=&#8220;12&#8243; hide_radio_all=&#8220;on&#8220; radio_button_background_color=&#8220;#f5f5f5&#8243; radio_button_background_color_selected=&#8220;#d1f810&#8243; label_spacing=&#8220;0px&#8220; _builder_version=&#8220;4.27.4&#8243; _module_preset=&#8220;default&#8220; radio_button_text_font=&#8220;dazzed-medium|500|||||||&#8220; radio_button_text_text_align=&#8220;center&#8220; radio_button_text_text_color=&#8220;#0f0f0f&#8220; radio_button_text_font_size=&#8220;16px&#8220; background_color=&#8220;RGBA(255,255,255,0)&#8220; background_enable_color=&#8220;on&#8220; custom_button=&#8220;on&#8220; button_border_width=&#8220;2px&#8220; button_border_color=&#8220;#0f0f0f&#8220; button_border_radius=&#8220;50px&#8220; button_font=&#8220;dazzed-medium||||||||&#8220; button_use_icon=&#8220;off&#8220; button_custom_padding=&#8220;16px|26px|16px|26px|true|true&#8220; custom_active_button=&#8220;on&#8220; active_button_border_width=&#8220;2px&#8220; active_button_border_color=&#8220;#d1f810&#8243; active_button_border_radius=&#8220;50px&#8220; global_colors_info=&#8220;{}&#8220; button_bg_color__hover_enabled=&#8220;on|desktop&#8220; button_bg_color__hover=&#8220;#FFFFFF&#8220; button_bg_enable_color__hover=&#8220;on&#8220; button_border_color__hover_enabled=&#8220;on|desktop&#8220; button_border_color__hover=&#8220;#d1f810&#8243; active_button_border_color__hover_enabled=&#8220;on|desktop&#8220; active_button_border_color__hover=&#8220;#0f0f0f&#8220;][\/et_pb_de_mach_search_posts_item][et_pb_de_mach_search_posts_item title=&#8220;Filtrer par&#8220; filter_post_type=&#8220;tags&#8220; acf_filter_type=&#8220;radio&#8220; filter_params=&#8220;yes_no_title&#8220; show_label=&#8220;off&#8220; hide_module_for_empty=&#8220;off&#8220; field_id=&#8220;categofield_2&#8243; field_title=&#8220;categofield&#8220; radio_deselect=&#8220;on&#8220; radio_style=&#8220;buttons&#8220; radio_inline=&#8220;on&#8220; radio_gap=&#8220;12&#8243; hide_radio_all=&#8220;on&#8220; radio_button_background_color=&#8220;#f5f5f5&#8243; radio_button_background_color_selected=&#8220;#d1f810&#8243; label_spacing=&#8220;0px&#8220; _builder_version=&#8220;4.27.4&#8243; _module_preset=&#8220;default&#8220; radio_button_text_font=&#8220;dazzed-medium|500|||||||&#8220; radio_button_text_text_align=&#8220;center&#8220; radio_button_text_text_color=&#8220;#0f0f0f&#8220; radio_button_text_font_size=&#8220;16px&#8220; background_color=&#8220;RGBA(255,255,255,0)&#8220; background_enable_color=&#8220;on&#8220; custom_button=&#8220;on&#8220; button_border_width=&#8220;2px&#8220; button_border_color=&#8220;#0f0f0f&#8220; button_border_radius=&#8220;50px&#8220; button_font=&#8220;dazzed-medium||||||||&#8220; button_use_icon=&#8220;off&#8220; button_custom_padding=&#8220;16px|26px|16px|26px|true|true&#8220; custom_active_button=&#8220;on&#8220; active_button_border_width=&#8220;2px&#8220; active_button_border_color=&#8220;#d1f810&#8243; active_button_border_radius=&#8220;50px&#8220; global_colors_info=&#8220;{}&#8220; button_bg_color__hover_enabled=&#8220;on|desktop&#8220; button_bg_color__hover=&#8220;#FFFFFF&#8220; button_bg_enable_color__hover=&#8220;on&#8220; button_border_color__hover_enabled=&#8220;on|desktop&#8220; button_border_color__hover=&#8220;#d1f810&#8243; active_button_border_color__hover_enabled=&#8220;on|desktop&#8220; active_button_border_color__hover=&#8220;#0f0f0f&#8220;][\/et_pb_de_mach_search_posts_item][\/et_pb_de_mach_filter_posts][\/et_pb_column][\/et_pb_row][et_pb_row _builder_version=&#8220;4.27.4&#8243; _module_preset=&#8220;default&#8220; width=&#8220;90%&#8220; global_colors_info=&#8220;{}&#8220;][et_pb_column type=&#8220;4_4&#8243; _builder_version=&#8220;4.27.4&#8243; _module_preset=&#8220;default&#8220; global_colors_info=&#8220;{}&#8220;][et_pb_de_mach_archive_loop post_type_choose=&#8220;post&#8220; loop_style=&#8220;loop_templates&#8220; loop_templates=&#8220;custom-template&#8220; filter_update_animation=&#8220;load-3&#8243; animation_color=&#8220;#d1f810&#8243; loading_bg_color=&#8220;RGBA(255,255,255,0)&#8220; show_current_post=&#8220;on&#8220; related_content_categories=&#8220;post_cats&#8220; order_asc_desc=&#8220;DESC&#8220; link_whole_gird=&#8220;on&#8220; grid_layout=&#8220;masonry&#8220; masonry_ajax_buffer=&#8220;1000ms&#8220; columns=&#8220;3&#8243; custom_gutter_width=&#8220;on&#8220; _builder_version=&#8220;4.27.4&#8243; _module_preset=&#8220;default&#8220; global_colors_info=&#8220;{}&#8220;][\/et_pb_de_mach_archive_loop][\/et_pb_column][\/et_pb_row][\/et_pb_section]<\/p>\n","protected":false},"excerpt":{"rendered":"<p><div class=\"et_pb_module dsm_breadcrumbs dsm_breadcrumbs_0 breadcrmb\">\n\t\t\t\t\n\t\t\t\t\n\t\t\t\t\n\t\t\t\t\n\t\t\t\t\n\t\t\t\t\n\t\t\t\t<div class=\"et_pb_module_inner\">\n\t\t\t\t\t<nav class=\"dsm_breadcrumbs_wrap\">\n\t\t\t\t<ul class=\"dsm_breadcrumbs\" itemscope itemtype=\"https:\/\/schema.org\/BreadcrumbList\">\t\t\t<li class=\"dsm_breadcrumbs_item dsm_home_item dsm_home_item_custom\" itemprop=\"itemListElement\" itemscope\n\t\t\titemtype=\"https:\/\/schema.org\/ListItem\">\n\t\t\t\t<a href=\"https:\/\/horpi.eu\/de\/\" itemprop=\"item\" target=\"\">\n\t\t\t\t\t<span class='dsm_home_text_wrapper'>\n\t\t\t\t\t\t\t\t\t\t\t\t\t<span class=\"dsm_home_text\" itemprop=\"name\">\n\t\t\t\t\t\t\t\tStartseite\t\t\t\t\t\t\t<\/span>\n\t\t\t\t\t<\/span>\n\t\t\t\t<\/a>\n\t\t\t\t<meta itemprop=\"position\" content=\"1\" \/>\n\t\t\t<\/li>\n\n\t\t<li class=\"dsm_breadcrumbs_separator\"> <span class=\"et-pb-icon dsm_separator_icon\">&#x35;<\/span><\/li><br \/>\n<b>Warning<\/b>:  Attempt to read property \"term_id\" on null in <b>\/home\/clients\/4a6589fb5b9a2688a8572865e3d36f98\/sites\/horpi.webeta.be\/wp-content\/plugins\/supreme-modules-pro-for-divi\/includes\/modules\/Breadcrumbs\/Breadcrumbs.php<\/b> on line <b>705<\/b><br \/>\n<\/ul>\n\t\t\t<\/nav>\n\t\t\t\t<\/div>\n\t\t\t<\/div>Bew\u00e4hrte Techniken &amp; saisonale Tipps Schritt-f\u00fcr-Schritt-Anleitungen und Feldtipps, um die biologische Sch\u00e4dlingsbek\u00e4mpfung zum richtigen Zeitpunkt anzuwenden und die Wirksamkeit Ihrer Marienk\u00e4fer zu maximieren.17 Pflanzen in Ihrem Garten, die Sie sch\u00fctzen solltenRoseDalhiaApfelbaumKirschbaumLindeBirkeHibiskus&#8230; Die Wissensdatenbank durchsuchenNach Format und Kategorie filtern<\/p>\n","protected":false},"author":1,"featured_media":3187,"parent":0,"menu_order":0,"comment_status":"closed","ping_status":"closed","template":"","meta":{"_acf_changed":false,"_et_pb_use_builder":"on","_et_pb_old_content":"","_et_gb_content_width":"","footnotes":""},"class_list":["post-11939","page","type-page","status-publish","has-post-thumbnail","hentry"],"acf":[],"_links":{"self":[{"href":"https:\/\/horpi.eu\/de\/wp-json\/wp\/v2\/pages\/11939","targetHints":{"allow":["GET"]}}],"collection":[{"href":"https:\/\/horpi.eu\/de\/wp-json\/wp\/v2\/pages"}],"about":[{"href":"https:\/\/horpi.eu\/de\/wp-json\/wp\/v2\/types\/page"}],"author":[{"embeddable":true,"href":"https:\/\/horpi.eu\/de\/wp-json\/wp\/v2\/users\/1"}],"replies":[{"embeddable":true,"href":"https:\/\/horpi.eu\/de\/wp-json\/wp\/v2\/comments?post=11939"}],"version-history":[{"count":40,"href":"https:\/\/horpi.eu\/de\/wp-json\/wp\/v2\/pages\/11939\/revisions"}],"predecessor-version":[{"id":12907,"href":"https:\/\/horpi.eu\/de\/wp-json\/wp\/v2\/pages\/11939\/revisions\/12907"}],"wp:featuredmedia":[{"embeddable":true,"href":"https:\/\/horpi.eu\/de\/wp-json\/wp\/v2\/media\/3187"}],"wp:attachment":[{"href":"https:\/\/horpi.eu\/de\/wp-json\/wp\/v2\/media?parent=11939"}],"curies":[{"name":"wp","href":"https:\/\/api.w.org\/{rel}","templated":true}]}}