{"id":11936,"date":"2026-04-14T06:50:27","date_gmt":"2026-04-14T06:50:27","guid":{"rendered":"https:\/\/horpi.eu\/?page_id=11936"},"modified":"2026-04-23T09:25:45","modified_gmt":"2026-04-23T09:25:45","slug":"resources","status":"publish","type":"page","link":"https:\/\/horpi.eu\/en\/resources\/","title":{"rendered":"Resources"},"content":{"rendered":"<p>[et_pb_section fb_built=&#8221;1&#8243; _builder_version=&#8221;4.27.4&#8243; _dynamic_attributes=&#8221;background_image&#8221; _module_preset=&#8221;default&#8221; background_color=&#8221;RGBA(255,255,255,0)&#8221; use_background_color_gradient=&#8221;on&#8221; background_color_gradient_stops=&#8221;#02403d 0%|rgba(255,255,255,0) 46%|rgba(255,255,255,0) 100%&#8221; background_color_gradient_overlays_image=&#8221;on&#8221; background_image=&#8221;@ET-DC@eyJkeW5hbWljIjp0cnVlLCJjb250ZW50IjoicG9zdF9mZWF0dXJlZF9pbWFnZSIsInNldHRpbmdzIjp7fX0=@&#8221; min_height=&#8221;75vh&#8221; min_height_tablet=&#8221;90vh&#8221; min_height_phone=&#8221;90vh&#8221; min_height_last_edited=&#8221;on|phone&#8221; custom_padding=&#8221;||||false|false&#8221; background_last_edited=&#8221;on|phone&#8221; background_size_phone=&#8221;cover&#8221; background_position_tablet=&#8221;bottom_right&#8221; background_position_phone=&#8221;center&#8221; custom_css_before=&#8221;||&#8221; global_colors_info=&#8221;{}&#8221;][et_pb_row _builder_version=&#8221;4.27.4&#8243; _module_preset=&#8221;default&#8221; width=&#8221;90%&#8221; custom_padding=&#8221;29px||16px|||&#8221; global_colors_info=&#8221;{}&#8221;][et_pb_column type=&#8221;4_4&#8243; _builder_version=&#8221;4.27.4&#8243; _module_preset=&#8221;default&#8221; global_colors_info=&#8221;{}&#8221;][dsm_breadcrumbs home_text=&#8221;Home&#8221; show_home_icon=&#8221;off&#8221; separator_icon=&#8221;&#x35;||divi||400&#8243; separator_padding=&#8221;0px|0px|0px||false|false&#8221; module_class=&#8221;breadcrmb&#8221; _builder_version=&#8221;4.27.4&#8243; _module_preset=&#8221;default&#8221; items_font=&#8221;dazzed-semibold|600|||||||&#8221; items_text_color=&#8221;#FFFFFF&#8221; items_font_size=&#8221;13px&#8221; separators_text_color=&#8221;#ffffff&#8221; separators_font_size=&#8221;13px&#8221; current_font=&#8221;dazzed-semibold|600|||||||&#8221; current_text_color=&#8221;#d1f810&#8243; current_font_size=&#8221;13px&#8221; global_colors_info=&#8221;{}&#8221;][\/dsm_breadcrumbs][\/et_pb_column][\/et_pb_row][et_pb_row _builder_version=&#8221;4.27.4&#8243; _module_preset=&#8221;default&#8221; global_colors_info=&#8221;{}&#8221;][et_pb_column type=&#8221;4_4&#8243; _builder_version=&#8221;4.27.4&#8243; _module_preset=&#8221;default&#8221; global_colors_info=&#8221;{}&#8221;][et_pb_text _builder_version=&#8221;4.27.4&#8243; _dynamic_attributes=&#8221;content&#8221; _module_preset=&#8221;default&#8221; text_font=&#8221;||||||||&#8221; header_font=&#8221;tobias-regular|300|||||||&#8221; header_text_color=&#8221;#f5f5f5&#8243; header_font_size=&#8221;75px&#8221; header_font_size_tablet=&#8221;60px&#8221; header_font_size_phone=&#8221;50px&#8221; header_font_size_last_edited=&#8221;on|phone&#8221; global_colors_info=&#8221;{}&#8221;]@ET-DC@eyJkeW5hbWljIjp0cnVlLCJjb250ZW50IjoicG9zdF90aXRsZSIsInNldHRpbmdzIjp7ImJlZm9yZSI6IjxoMSBzdHlsZT1cInRleHQtYWxpZ246IGNlbnRlclwiPiIsImFmdGVyIjoiPFwvaDE+In19@[\/et_pb_text][\/et_pb_column][\/et_pb_row][et_pb_row column_structure=&#8221;1_2,1_2&#8243; make_equal=&#8221;on&#8221; _builder_version=&#8221;4.27.4&#8243; _module_preset=&#8221;default&#8221; width=&#8221;90%&#8221; custom_margin=&#8221;40px|auto|40px|auto|false|false&#8221; custom_margin_tablet=&#8221;0px||||false|false&#8221; custom_margin_phone=&#8221;||||false|false&#8221; custom_margin_last_edited=&#8221;on|tablet&#8221; custom_padding=&#8221;||40px||false|false&#8221; global_colors_info=&#8221;{}&#8221;][et_pb_column type=&#8221;1_2&#8243; _builder_version=&#8221;4.27.4&#8243; _module_preset=&#8221;default&#8221; background_color=&#8221;#d1f810&#8243; use_background_color_gradient=&#8221;on&#8221; background_color_gradient_direction=&#8221;186deg&#8221; background_color_gradient_stops=&#8221;#d1f810 0%|rgba(255,255,255,0) 93%&#8221; custom_padding=&#8221;50px|4%|50px|4%|true|true&#8221; custom_padding_tablet=&#8221;50px|6%|50px|6%|true|true&#8221; custom_padding_phone=&#8221;24px|5%|24px|5%|true|true&#8221; custom_padding_last_edited=&#8221;on|phone&#8221; custom_css_free_form=&#8221;selector h1 {padding-bottom:50px;}&#8221; border_radii=&#8221;on|40px|40px|40px|40px&#8221; global_colors_info=&#8221;{}&#8221;][et_pb_text _builder_version=&#8221;4.27.4&#8243; _module_preset=&#8221;default&#8221; text_text_color=&#8221;#02403d&#8221; header_font=&#8221;tobias-regular||||||||&#8221; header_text_color=&#8221;#02403d&#8221; header_font_size=&#8221;55px&#8221; header_line_height=&#8221;1.2em&#8221; header_2_font=&#8221;tobias-regular||||||||&#8221; header_2_text_color=&#8221;#02403d&#8221; header_2_font_size=&#8221;40px&#8221; header_2_line_height=&#8221;1.4em&#8221; background_layout=&#8221;dark&#8221; custom_margin_tablet=&#8221;&#8221; custom_margin_phone=&#8221;||50px||false|false&#8221; custom_margin_last_edited=&#8221;on|phone&#8221; custom_padding=&#8221;||||true|true&#8221; header_2_font_size_tablet=&#8221;36px&#8221; header_2_font_size_phone=&#8221;34px&#8221; header_2_font_size_last_edited=&#8221;on|phone&#8221; text_text_shadow_style=&#8221;preset1&#8243; text_text_shadow_vertical_length=&#8221;0em&#8221; text_text_shadow_color=&#8221;RGBA(255,255,255,0)&#8221; header_text_shadow_style=&#8221;preset1&#8243; header_text_shadow_color=&#8221;RGBA(255,255,255,0)&#8221; global_colors_info=&#8221;{}&#8221;]<\/p>\n<h2>Proven techniques &amp; seasonal tips<\/h2>\n<p>Step-by-step tutorials and field advice to apply biological control at the right time and maximize the effectiveness of your ladybugs.[\/et_pb_text][\/et_pb_column][et_pb_column type=&#8221;1_2&#8243; _builder_version=&#8221;4.27.4&#8243; _module_preset=&#8221;default&#8221; custom_css_main_element=&#8221;display:flex;||flex-direction:column-reverse;&#8221; global_colors_info=&#8221;{}&#8221;][\/et_pb_column][\/et_pb_row][\/et_pb_section][et_pb_section fb_built=&#8221;1&#8243; custom_padding_last_edited=&#8221;on|tablet&#8221; disabled_on=&#8221;off|off|off&#8221; _builder_version=&#8221;4.27.4&#8243; _module_preset=&#8221;default&#8221; background_color=&#8221;#02403d&#8221; custom_padding=&#8221;||0px|||&#8221; custom_padding_tablet=&#8221;0px||||false|false&#8221; custom_padding_phone=&#8221;0px||||false|false&#8221; global_colors_info=&#8221;{}&#8221;][et_pb_row column_structure=&#8221;2_3,1_3&#8243; make_equal=&#8221;on&#8221; _builder_version=&#8221;4.27.4&#8243; _module_preset=&#8221;default&#8221; background_image=&#8221;https:\/\/horpi.eu\/wp-content\/uploads\/2026\/04\/1-EN-1.jpg&#8221; width_tablet=&#8221;100%&#8221; width_phone=&#8221;100%&#8221; width_last_edited=&#8221;on|tablet&#8221; custom_padding=&#8221;0px||0px||false|false&#8221; background_last_edited=&#8221;on|phone&#8221; background_image_tablet=&#8221;https:\/\/horpi.eu\/wp-content\/uploads\/2026\/04\/1-FR.jpg&#8221; background_image_phone=&#8221;https:\/\/horpi.eu\/wp-content\/uploads\/2026\/04\/1-FR.jpg&#8221; background_enable_image_tablet=&#8221;on&#8221; background_enable_image_phone=&#8221;on&#8221; background_position_tablet=&#8221;center&#8221; background_position_phone=&#8221;bottom_center&#8221; border_radii=&#8221;on|20px|20px|20px|20px&#8221; border_radii_tablet=&#8221;on|0px|0px|0px|0px&#8221; border_radii_phone=&#8221;on|0px|0px|0px|0px&#8221; border_radii_last_edited=&#8221;on|phone&#8221; global_colors_info=&#8221;{}&#8221;][et_pb_column type=&#8221;2_3&#8243; _builder_version=&#8221;4.27.4&#8243; _module_preset=&#8221;default&#8221; custom_padding=&#8221;360px||||false|false&#8221; custom_padding_tablet=&#8221;400px||||false|false&#8221; custom_padding_phone=&#8221;400px||||false|false&#8221; custom_padding_last_edited=&#8221;on|phone&#8221; custom_css_main_element=&#8221;min-height:300px;&#8221; global_colors_info=&#8221;{}&#8221; custom_css_main_element_last_edited=&#8221;on|phone&#8221; custom_css_main_element_tablet=&#8221;min-height:400px;&#8221; custom_css_main_element_phone=&#8221;min-height:450px;&#8221;][\/et_pb_column][et_pb_column type=&#8221;1_3&#8243; _builder_version=&#8221;4.27.4&#8243; _module_preset=&#8221;default&#8221; custom_padding=&#8221;40px|20px|40px|20px|false|true&#8221; custom_padding_tablet=&#8221;30px||30px||false|true&#8221; custom_padding_phone=&#8221;20px|18px|30px|18px|false|true&#8221; custom_padding_last_edited=&#8221;on|phone&#8221; background_last_edited=&#8221;on|phone&#8221; use_background_color_gradient_tablet=&#8221;off&#8221; background_color_gradient_direction_phone=&#8221;180deg&#8221; custom_css_before=&#8221;content: %22%22;||  position: absolute;||  inset: 0;||  z-index: -1;||  backdrop-filter: blur(20px);||  -webkit-backdrop-filter: blur(20px);||||  \/* D\u00e9part d\u00e9j\u00e0 flou et progression rapide *\/||  mask-image: linear-gradient(||    to right, ||    rgba(0, 0, 0, 0.1) 0%,   \/* D\u00e9part : d\u00e9j\u00e0 un peu de flou *\/||    rgba(0, 0, 0, 0.8) 20%,  \/* 20% de la largeur : presque d\u00e9j\u00e0 au max *\/||    rgba(0, 0, 0, 1) 100%    \/* Fin : flou total *\/||  );||  -webkit-mask-image: linear-gradient(to right, rgba(0, 0, 0, 0.1) 0%, rgba(0, 0, 0, 0.8) 20%, rgba(0, 0, 0, 1) 100%);||&#8221; custom_css_main_element=&#8221;display:flex;||flex-wrap:wrap; gap:20px;||justify-content:space-around;||align-items:center!important;||position:relative;||||\/* Applique le flou sur toute la colonne *\/||||&#8221; border_radii=&#8221;off||20px|20px|&#8221; border_radii_tablet=&#8221;off||0px|0px|&#8221; border_radii_phone=&#8221;off||0px||&#8221; border_radii_last_edited=&#8221;on|phone&#8221; global_colors_info=&#8221;{}&#8221; custom_css_before_last_edited=&#8221;on|tablet&#8221; custom_css_before_tablet=&#8221;content: %22%22;||  position: absolute;||  top: 0;||  left: 0;||  right: 0;||  bottom: 0;||  z-index: -1;||||  \/* Intensit\u00e9 du flou (Augment\u00e9 \u00e0 25px pour un effet marqu\u00e9) *\/||  backdrop-filter: blur(20px);||  -webkit-backdrop-filter: blur(20px);||||  \/* Le Masque de progression *\/||  \/* On part de 0.1 (tr\u00e8s l\u00e9ger flou) et on atteint 90% du flou d\u00e8s le premier tiers *\/||  mask-image: linear-gradient(||    to bottom, ||    rgba(0, 0, 0, 0.1) 0%,    \/* D\u00e9part : 10% du flou total *\/||    rgba(0, 0, 0, 0.9) 30%,   \/* 30% du chemin : Presque au max *\/||    rgba(0, 0, 0, 1) 100%     \/* Fin : Flou total *\/||  );||  ||  -webkit-mask-image: linear-gradient(||    to bottom, ||    rgba(0, 0, 0, 0.1) 0%, ||    rgba(0, 0, 0, 0.9) 30%, ||    rgba(0, 0, 0, 1) 100%||  );||}&#8221; custom_css_before_phone=&#8221;content: %22%22;||  position: absolute;||  top: 0;||  left: 0;||  right: 0;||  bottom: 0;||  z-index: -1;||||  \/* Intensit\u00e9 du flou (Augment\u00e9 \u00e0 25px pour un effet marqu\u00e9) *\/||  backdrop-filter: blur(20px);||  -webkit-backdrop-filter: blur(20px);||||  \/* Le Masque de progression *\/||  \/* On part de 0.1 (tr\u00e8s l\u00e9ger flou) et on atteint 90% du flou d\u00e8s le premier tiers *\/||  mask-image: linear-gradient(||    to bottom, ||    rgba(0, 0, 0, 0.1) 0%,    \/* D\u00e9part : 10% du flou total *\/||    rgba(0, 0, 0, 0.9) 30%,   \/* 30% du chemin : Presque au max *\/||    rgba(0, 0, 0, 1) 100%     \/* Fin : Flou total *\/||  );||  ||  -webkit-mask-image: linear-gradient(||    to bottom, ||    rgba(0, 0, 0, 0.1) 0%, ||    rgba(0, 0, 0, 0.9) 30%, ||    rgba(0, 0, 0, 1) 100%||  );||}&#8221;][et_pb_text _builder_version=&#8221;4.27.4&#8243; _module_preset=&#8221;default&#8221; text_font=&#8221;|800|||||||&#8221; text_text_color=&#8221;#FFFFFF&#8221; text_font_size=&#8221;22px&#8221; text_line_height=&#8221;1.5em&#8221; header_2_text_color=&#8221;#FFFFFF&#8221; header_2_line_height=&#8221;1.5em&#8221; header_3_text_color=&#8221;#FFFFFF&#8221; max_width=&#8221;40%&#8221; custom_margin=&#8221;||0px||false|false&#8221; custom_padding=&#8221;||||false|false&#8221; text_font_size_tablet=&#8221;22px&#8221; text_font_size_phone=&#8221;20px&#8221; text_font_size_last_edited=&#8221;on|phone&#8221; header_2_text_align_tablet=&#8221;center&#8221; header_2_text_align_phone=&#8221;center&#8221; header_2_text_align_last_edited=&#8221;on|phone&#8221; header_2_font_size_tablet=&#8221;28px&#8221; header_2_font_size_phone=&#8221;24px&#8221; header_2_font_size_last_edited=&#8221;on|tablet&#8221; custom_css_main_element=&#8221;align-self:center&#8221; header_2_text_shadow_style=&#8221;preset3&#8243; global_colors_info=&#8221;{}&#8221;]<\/p>\n<h2>17 garden plants to protect<\/h2>\n<p>[\/et_pb_text][et_pb_text _builder_version=&#8221;4.27.4&#8243; _module_preset=&#8221;default&#8221; text_font=&#8221;||||||||&#8221; text_text_color=&#8221;#FFFFFF&#8221; text_font_size=&#8221;20px&#8221; text_line_height=&#8221;1.5em&#8221; header_2_text_color=&#8221;#FFFFFF&#8221; header_3_text_color=&#8221;#FFFFFF&#8221; max_width=&#8221;45%&#8221; max_width_tablet=&#8221;&#8221; max_width_phone=&#8221;&#8221; max_width_last_edited=&#8221;on|tablet&#8221; custom_margin=&#8221;||16px|||&#8221; text_font_size_tablet=&#8221;20px&#8221; text_font_size_phone=&#8221;18px&#8221; text_font_size_last_edited=&#8221;on|phone&#8221; text_text_shadow_style=&#8221;preset3&#8243; global_colors_info=&#8221;{}&#8221;]<\/p>\n<p>Rose<br \/>Dalhia<br \/>Apple<br \/>Cherry<br \/>Lime<br \/>Birch<br \/>Hibiscus<br \/>&#8230;<\/p>\n<p>[\/et_pb_text][et_pb_button button_url=&#8221;https:\/\/horpi.eu\/en\/resources\/download-the-aphid-guide\/&#8221; button_text=&#8221;Get the free guide&#8221; button_alignment=&#8221;center&#8221; module_class=&#8221;bouton17&#8243; _builder_version=&#8221;4.27.4&#8243; _module_preset=&#8221;default&#8221; hover_enabled=&#8221;0&#8243; custom_css_main_element=&#8221;border:1px solid #d1f810!important;||&#8221; global_colors_info=&#8221;{}&#8221; sticky_enabled=&#8221;0&#8243;][\/et_pb_button][\/et_pb_column][\/et_pb_row][\/et_pb_section][et_pb_section fb_built=&#8221;1&#8243; _builder_version=&#8221;4.27.4&#8243; _module_preset=&#8221;default&#8221; background_color=&#8221;#02403d&#8221; custom_margin=&#8221;0px||0px||false|false&#8221; saved_tabs=&#8221;all&#8221; global_colors_info=&#8221;{}&#8221;][et_pb_row use_custom_gutter=&#8221;on&#8221; gutter_width=&#8221;2&#8243; custom_padding_last_edited=&#8221;on|phone&#8221; module_class=&#8221;theychoose&#8221; _builder_version=&#8221;4.27.4&#8243; _module_preset=&#8221;default&#8221; background_enable_image=&#8221;off&#8221; background_size=&#8221;custom&#8221; background_image_width=&#8221;231px&#8221; background_position=&#8221;top_left&#8221; background_horizontal_offset=&#8221;-18%&#8221; width=&#8221;90%&#8221; max_width=&#8221;1150px&#8221; overflow-x=&#8221;visible&#8221; overflow-y=&#8221;visible&#8221; custom_margin=&#8221;40px|auto||auto|false|false&#8221; custom_margin_tablet=&#8221;40px|auto||auto|false|false&#8221; custom_margin_phone=&#8221;20px||||false|false&#8221; custom_margin_last_edited=&#8221;on|phone&#8221; custom_padding=&#8221;10px||||false|false&#8221; custom_padding_tablet=&#8221;10px||||false|false&#8221; custom_padding_phone=&#8221;5px||21px||false|false&#8221; global_colors_info=&#8221;{}&#8221;][et_pb_column type=&#8221;4_4&#8243; _builder_version=&#8221;4.27.4&#8243; _module_preset=&#8221;default&#8221; global_colors_info=&#8221;{}&#8221;][et_pb_text _builder_version=&#8221;4.27.4&#8243; _module_preset=&#8221;default&#8221; text_font=&#8221;dazzed-semibold|600||on|||||&#8221; text_text_color=&#8221;#FFFFFF&#8221; text_letter_spacing=&#8221;-0.28px&#8221; text_line_height=&#8221;2em&#8221; header_2_text_align=&#8221;left&#8221; header_2_text_color=&#8221;#f5f5f5&#8243; header_2_font_size=&#8221;38px&#8221; header_2_line_height=&#8221;1.3em&#8221; custom_margin=&#8221;|auto|4px||false|false&#8221; header_2_font_size_tablet=&#8221;38px&#8221; header_2_font_size_phone=&#8221;32px&#8221; header_2_font_size_last_edited=&#8221;on|phone&#8221; global_colors_info=&#8221;{}&#8221;]<\/p>\n<h2><img decoding=\"async\" src=\"https:\/\/horpi.eu\/wp-content\/uploads\/2025\/05\/bbpiggh8qcmb6a80ui.svg\" width=\"undefined\" height=\"undefined\" alt=\"\" class=\"wp-image-143 alignnone size-full\"> Explore the knowledge base<\/h2>\n<p>[\/et_pb_text][\/et_pb_column][\/et_pb_row][et_pb_row disabled_on=&#8221;off|off|off&#8221; _builder_version=&#8221;4.27.4&#8243; _module_preset=&#8221;default&#8221; width=&#8221;90%&#8221; max_width=&#8221;1150px&#8221; custom_padding=&#8221;||13px|||&#8221; global_colors_info=&#8221;{}&#8221;][et_pb_column type=&#8221;4_4&#8243; _builder_version=&#8221;4.27.4&#8243; _module_preset=&#8221;default&#8221; global_colors_info=&#8221;{}&#8221;][et_pb_text disabled_on=&#8221;off|off|off&#8221; _builder_version=&#8221;4.27.4&#8243; _module_preset=&#8221;default&#8221; text_font=&#8221;|600||on|||||&#8221; text_text_color=&#8221;#f5f5f5&#8243; background_color=&#8221;RGBA(255,255,255,0)&#8221; custom_margin=&#8221;||||false|false&#8221; global_colors_info=&#8221;{}&#8221;]<\/p>\n<p>Filter by format and category<\/p>\n<p>[\/et_pb_text][et_pb_de_mach_filter_posts filter_update_type=&#8221;update_field&#8221; update_count_by_self=&#8221;off&#8221; sync_filter_item=&#8221;off&#8221; filter_location=&#8221;fullwidth&#8221; fullwidth_columns=&#8221;1&#8243; fullwidth_columns_tablet=&#8221;1&#8243; column_min_width=&#8221;100%&#8221; hide_reset=&#8221;on&#8221; align_reset=&#8221;left&#8221; filter_item_bg_color=&#8221;RGBA(255,255,255,0)&#8221; module_class=&#8221;horfilter&#8221; _builder_version=&#8221;4.27.4&#8243; _module_preset=&#8221;default&#8221; form_field_background_color=&#8221;#FFFFFF&#8221; form_field_focus_background_color=&#8221;#FFFFFF&#8221; form_field_focus_text_color=&#8221;#FFFFFF&#8221; background_color=&#8221;RGBA(255,255,255,0)&#8221; custom_button=&#8221;on&#8221; custom_filter_params=&#8221;on&#8221; filter_params_use_icon=&#8221;off&#8221; global_colors_info=&#8221;{}&#8221; form_field_background_color__hover_enabled=&#8221;on|hover&#8221; form_field_background_color__hover=&#8221;#f5f5f5&#8243; form_field_focus_background_color__hover_enabled=&#8221;on|hover&#8221; button_bg_color__hover_enabled=&#8221;on|hover&#8221; button_bg_color__hover=&#8221;#FFFFFF&#8221; button_bg_enable_color__hover=&#8221;on&#8221; filter_params_bg_color__hover_enabled=&#8221;on|hover&#8221; filter_params_bg_color__hover=&#8221;#FFFFFF&#8221; filter_params_bg_enable_color__hover=&#8221;on&#8221; form_field_focus_background_color__hover=&#8221;#FFFFFF&#8221;][et_pb_de_mach_search_posts_item title=&#8221;Filtrer par&#8221; acf_filter_type=&#8221;radio&#8221; filter_params=&#8221;yes_no_title&#8221; show_label=&#8221;off&#8221; hide_module_for_empty=&#8221;off&#8221; field_id=&#8221;categofield&#8221; field_title=&#8221;categofield&#8221; radio_deselect=&#8221;on&#8221; radio_style=&#8221;buttons&#8221; radio_inline=&#8221;on&#8221; radio_gap=&#8221;12&#8243; hide_radio_all=&#8221;on&#8221; radio_button_background_color=&#8221;#f5f5f5&#8243; radio_button_background_color_selected=&#8221;#d1f810&#8243; label_spacing=&#8221;0px&#8221; _builder_version=&#8221;4.27.4&#8243; _module_preset=&#8221;default&#8221; radio_button_text_font=&#8221;dazzed-medium|500|||||||&#8221; radio_button_text_text_align=&#8221;center&#8221; radio_button_text_text_color=&#8221;#0f0f0f&#8221; radio_button_text_font_size=&#8221;16px&#8221; background_color=&#8221;RGBA(255,255,255,0)&#8221; background_enable_color=&#8221;on&#8221; custom_button=&#8221;on&#8221; button_border_width=&#8221;2px&#8221; button_border_color=&#8221;#0f0f0f&#8221; button_border_radius=&#8221;50px&#8221; button_font=&#8221;dazzed-medium||||||||&#8221; button_use_icon=&#8221;off&#8221; button_custom_padding=&#8221;16px|26px|16px|26px|true|true&#8221; custom_active_button=&#8221;on&#8221; active_button_border_width=&#8221;2px&#8221; active_button_border_color=&#8221;#d1f810&#8243; active_button_border_radius=&#8221;50px&#8221; global_colors_info=&#8221;{}&#8221; button_bg_color__hover_enabled=&#8221;on|desktop&#8221; button_bg_color__hover=&#8221;#FFFFFF&#8221; button_bg_enable_color__hover=&#8221;on&#8221; button_border_color__hover_enabled=&#8221;on|desktop&#8221; button_border_color__hover=&#8221;#d1f810&#8243; active_button_border_color__hover_enabled=&#8221;on|desktop&#8221; active_button_border_color__hover=&#8221;#0f0f0f&#8221;][\/et_pb_de_mach_search_posts_item][et_pb_de_mach_search_posts_item title=&#8221;Filtrer par&#8221; filter_post_type=&#8221;tags&#8221; acf_filter_type=&#8221;radio&#8221; filter_params=&#8221;yes_no_title&#8221; show_label=&#8221;off&#8221; hide_module_for_empty=&#8221;off&#8221; field_id=&#8221;categofield_2&#8243; field_title=&#8221;categofield&#8221; radio_deselect=&#8221;on&#8221; radio_style=&#8221;buttons&#8221; radio_inline=&#8221;on&#8221; radio_gap=&#8221;12&#8243; hide_radio_all=&#8221;on&#8221; radio_button_background_color=&#8221;#f5f5f5&#8243; radio_button_background_color_selected=&#8221;#d1f810&#8243; label_spacing=&#8221;0px&#8221; _builder_version=&#8221;4.27.4&#8243; _module_preset=&#8221;default&#8221; radio_button_text_font=&#8221;dazzed-medium|500|||||||&#8221; radio_button_text_text_align=&#8221;center&#8221; radio_button_text_text_color=&#8221;#0f0f0f&#8221; radio_button_text_font_size=&#8221;16px&#8221; background_color=&#8221;RGBA(255,255,255,0)&#8221; background_enable_color=&#8221;on&#8221; custom_button=&#8221;on&#8221; button_border_width=&#8221;2px&#8221; button_border_color=&#8221;#0f0f0f&#8221; button_border_radius=&#8221;50px&#8221; button_font=&#8221;dazzed-medium||||||||&#8221; button_use_icon=&#8221;off&#8221; button_custom_padding=&#8221;16px|26px|16px|26px|true|true&#8221; custom_active_button=&#8221;on&#8221; active_button_border_width=&#8221;2px&#8221; active_button_border_color=&#8221;#d1f810&#8243; active_button_border_radius=&#8221;50px&#8221; global_colors_info=&#8221;{}&#8221; button_bg_color__hover_enabled=&#8221;on|desktop&#8221; button_bg_color__hover=&#8221;#FFFFFF&#8221; button_bg_enable_color__hover=&#8221;on&#8221; button_border_color__hover_enabled=&#8221;on|desktop&#8221; button_border_color__hover=&#8221;#d1f810&#8243; active_button_border_color__hover_enabled=&#8221;on|desktop&#8221; active_button_border_color__hover=&#8221;#0f0f0f&#8221;][\/et_pb_de_mach_search_posts_item][\/et_pb_de_mach_filter_posts][\/et_pb_column][\/et_pb_row][et_pb_row _builder_version=&#8221;4.27.4&#8243; _module_preset=&#8221;default&#8221; width=&#8221;90%&#8221; global_colors_info=&#8221;{}&#8221;][et_pb_column type=&#8221;4_4&#8243; _builder_version=&#8221;4.27.4&#8243; _module_preset=&#8221;default&#8221; global_colors_info=&#8221;{}&#8221;][et_pb_de_mach_archive_loop post_type_choose=&#8221;post&#8221; loop_style=&#8221;loop_templates&#8221; loop_templates=&#8221;custom-template&#8221; filter_update_animation=&#8221;load-3&#8243; animation_color=&#8221;#d1f810&#8243; loading_bg_color=&#8221;RGBA(255,255,255,0)&#8221; show_current_post=&#8221;on&#8221; related_content_categories=&#8221;post_cats&#8221; order_asc_desc=&#8221;DESC&#8221; link_whole_gird=&#8221;on&#8221; grid_layout=&#8221;masonry&#8221; masonry_ajax_buffer=&#8221;1000ms&#8221; columns=&#8221;3&#8243; custom_gutter_width=&#8221;on&#8221; _builder_version=&#8221;4.27.4&#8243; _module_preset=&#8221;default&#8221; global_colors_info=&#8221;{}&#8221;][\/et_pb_de_mach_archive_loop][\/et_pb_column][\/et_pb_row][\/et_pb_section]<\/p>\n","protected":false},"excerpt":{"rendered":"<p><div class=\"et_pb_module dsm_breadcrumbs dsm_breadcrumbs_0 breadcrmb\">\n\t\t\t\t\n\t\t\t\t\n\t\t\t\t\n\t\t\t\t\n\t\t\t\t\n\t\t\t\t\n\t\t\t\t<div class=\"et_pb_module_inner\">\n\t\t\t\t\t<nav class=\"dsm_breadcrumbs_wrap\">\n\t\t\t\t<ul class=\"dsm_breadcrumbs\" itemscope itemtype=\"https:\/\/schema.org\/BreadcrumbList\">\t\t\t<li class=\"dsm_breadcrumbs_item dsm_home_item dsm_home_item_custom\" itemprop=\"itemListElement\" itemscope\n\t\t\titemtype=\"https:\/\/schema.org\/ListItem\">\n\t\t\t\t<a href=\"https:\/\/horpi.eu\/en\/\" itemprop=\"item\" target=\"\">\n\t\t\t\t\t<span class='dsm_home_text_wrapper'>\n\t\t\t\t\t\t\t\t\t\t\t\t\t<span class=\"dsm_home_text\" itemprop=\"name\">\n\t\t\t\t\t\t\t\tHome\t\t\t\t\t\t\t<\/span>\n\t\t\t\t\t<\/span>\n\t\t\t\t<\/a>\n\t\t\t\t<meta itemprop=\"position\" content=\"1\" \/>\n\t\t\t<\/li>\n\n\t\t<li class=\"dsm_breadcrumbs_separator\"> <span class=\"et-pb-icon dsm_separator_icon\">&#x35;<\/span><\/li><br \/>\n<b>Warning<\/b>:  Attempt to read property \"term_id\" on null in <b>\/home\/clients\/4a6589fb5b9a2688a8572865e3d36f98\/sites\/horpi.webeta.be\/wp-content\/plugins\/supreme-modules-pro-for-divi\/includes\/modules\/Breadcrumbs\/Breadcrumbs.php<\/b> on line <b>705<\/b><br \/>\n<\/ul>\n\t\t\t<\/nav>\n\t\t\t\t<\/div>\n\t\t\t<\/div>Proven techniques &amp; seasonal tips Step-by-step tutorials and field advice to apply biological control at the right time and maximize the effectiveness of your ladybugs.17 garden plants to protectRoseDalhiaAppleCherryLimeBirchHibiscus&#8230; Explore the knowledge baseFilter by format and category<\/p>\n","protected":false},"author":1,"featured_media":3186,"parent":0,"menu_order":0,"comment_status":"closed","ping_status":"closed","template":"","meta":{"_acf_changed":false,"_et_pb_use_builder":"on","_et_pb_old_content":"","_et_gb_content_width":"","footnotes":""},"class_list":["post-11936","page","type-page","status-publish","has-post-thumbnail","hentry"],"acf":[],"_links":{"self":[{"href":"https:\/\/horpi.eu\/en\/wp-json\/wp\/v2\/pages\/11936","targetHints":{"allow":["GET"]}}],"collection":[{"href":"https:\/\/horpi.eu\/en\/wp-json\/wp\/v2\/pages"}],"about":[{"href":"https:\/\/horpi.eu\/en\/wp-json\/wp\/v2\/types\/page"}],"author":[{"embeddable":true,"href":"https:\/\/horpi.eu\/en\/wp-json\/wp\/v2\/users\/1"}],"replies":[{"embeddable":true,"href":"https:\/\/horpi.eu\/en\/wp-json\/wp\/v2\/comments?post=11936"}],"version-history":[{"count":33,"href":"https:\/\/horpi.eu\/en\/wp-json\/wp\/v2\/pages\/11936\/revisions"}],"predecessor-version":[{"id":12812,"href":"https:\/\/horpi.eu\/en\/wp-json\/wp\/v2\/pages\/11936\/revisions\/12812"}],"wp:featuredmedia":[{"embeddable":true,"href":"https:\/\/horpi.eu\/en\/wp-json\/wp\/v2\/media\/3186"}],"wp:attachment":[{"href":"https:\/\/horpi.eu\/en\/wp-json\/wp\/v2\/media?parent=11936"}],"curies":[{"name":"wp","href":"https:\/\/api.w.org\/{rel}","templated":true}]}}